{"id":11,"date":"2018-03-09T10:35:11","date_gmt":"2018-03-09T10:35:11","guid":{"rendered":"https:\/\/affaldsshop.dk\/dinforsyning\/shop\/"},"modified":"2024-10-02T12:08:14","modified_gmt":"2024-10-02T10:08:14","slug":"shop","status":"publish","type":"page","link":"https:\/\/affaldsshop.dk\/dinforsyning\/","title":{"rendered":"Alle produkter"},"content":{"rendered":"<p>Her p\u00e5 DIN Forsynings webshop kan du bestille produkterne direkte til afhentning p\u00e5 din n\u00e6rmeste genbrugsplads<\/p>\r\n\r\n<div class=\"woocommerce columns-4 \"><ul class=\"products columns-4\">\n<li class=\"product type-product post-2594 status-publish first instock product_cat-asbestsaekke has-post-thumbnail taxable shipping-taxable purchasable product-type-simple\">\n\t<div class='inner_product main_color wrapped_style noLightbox  av-product-class-minimal'><a href=\"https:\/\/affaldsshop.dk\/dinforsyning\/product\/borger-asbestsaekke-stor\/\" class=\"woocommerce-LoopProduct-link woocommerce-loop-product__link\"><div class=\"thumbnail_container\"><img decoding=\"async\" loading=\"lazy\" width=\"300\" height=\"300\" src=\"https:\/\/affaldsshop.dk\/dinforsyning\/wp-content\/uploads\/sites\/6\/2021\/11\/DIN-F_asbestpose_uden-label-300x300.png\" class=\"wp-image-3056 avia-img-lazy-loading-3056 attachment-shop_catalog size-shop_catalog wp-post-image\" alt=\"\" srcset=\"https:\/\/affaldsshop.dk\/dinforsyning\/wp-content\/uploads\/sites\/6\/2021\/11\/DIN-F_asbestpose_uden-label-300x300.png 300w, https:\/\/affaldsshop.dk\/dinforsyning\/wp-content\/uploads\/sites\/6\/2021\/11\/DIN-F_asbestpose_uden-label-80x80.png 80w, https:\/\/affaldsshop.dk\/dinforsyning\/wp-content\/uploads\/sites\/6\/2021\/11\/DIN-F_asbestpose_uden-label-36x36.png 36w, https:\/\/affaldsshop.dk\/dinforsyning\/wp-content\/uploads\/sites\/6\/2021\/11\/DIN-F_asbestpose_uden-label-180x180.png 180w, https:\/\/affaldsshop.dk\/dinforsyning\/wp-content\/uploads\/sites\/6\/2021\/11\/DIN-F_asbestpose_uden-label-705x705.png 705w, https:\/\/affaldsshop.dk\/dinforsyning\/wp-content\/uploads\/sites\/6\/2021\/11\/DIN-F_asbestpose_uden-label-100x100.png 100w, https:\/\/affaldsshop.dk\/dinforsyning\/wp-content\/uploads\/sites\/6\/2021\/11\/DIN-F_asbestpose_uden-label-600x600.png 600w, https:\/\/affaldsshop.dk\/dinforsyning\/wp-content\/uploads\/sites\/6\/2021\/11\/DIN-F_asbestpose_uden-label.png 722w\" sizes=\"auto, (max-width: 300px) 100vw, 300px\" \/><span class=\"cart-loading\"><\/span><\/div><div class='inner_product_header'><div class='avia-arrow'><\/div><div class='inner_product_header_table'><div class='inner_product_header_cell'><h2 class=\"woocommerce-loop-product__title\">Asbests\u00e6k og palle til 1.000 kg<\/h2>\n\t<span class=\"price\"><span class=\"woocommerce-Price-amount amount\"><bdi><span class=\"woocommerce-Price-currencySymbol\">kr.<\/span>&nbsp;1.030,00<\/bdi><\/span><\/span>\n<\/div><\/div><\/div><\/a>    <button alt=\"L\u00e6s mere om \"\n            style=\"font-size: 16px !important; float: none; margin-bottom: 20px;\"\n            onclick=\"window.location='https:\/\/affaldsshop.dk\/dinforsyning\/product\/borger-asbestsaekke-stor\/'\"\n            class=\"single_add_to_cart_button button alt\">L\u00e6s mere\n    <\/button>\n    <\/div><\/li>\n<li class=\"product type-product post-2614 status-publish instock product_cat-asbestsaekke has-post-thumbnail taxable shipping-taxable purchasable product-type-simple\">\n\t<div class='inner_product main_color wrapped_style noLightbox  av-product-class-minimal'><a href=\"https:\/\/affaldsshop.dk\/dinforsyning\/product\/borger-asbestsaekke-mellem\/\" class=\"woocommerce-LoopProduct-link woocommerce-loop-product__link\"><div class=\"thumbnail_container\"><img decoding=\"async\" loading=\"lazy\" width=\"300\" height=\"300\" src=\"https:\/\/affaldsshop.dk\/dinforsyning\/wp-content\/uploads\/sites\/6\/2021\/11\/DIN-F_asbestpose_med-label-300x300.png\" class=\"wp-image-3057 avia-img-lazy-loading-3057 attachment-shop_catalog size-shop_catalog wp-post-image\" alt=\"\" srcset=\"https:\/\/affaldsshop.dk\/dinforsyning\/wp-content\/uploads\/sites\/6\/2021\/11\/DIN-F_asbestpose_med-label-300x300.png 300w, https:\/\/affaldsshop.dk\/dinforsyning\/wp-content\/uploads\/sites\/6\/2021\/11\/DIN-F_asbestpose_med-label-80x80.png 80w, https:\/\/affaldsshop.dk\/dinforsyning\/wp-content\/uploads\/sites\/6\/2021\/11\/DIN-F_asbestpose_med-label-36x36.png 36w, https:\/\/affaldsshop.dk\/dinforsyning\/wp-content\/uploads\/sites\/6\/2021\/11\/DIN-F_asbestpose_med-label-180x180.png 180w, https:\/\/affaldsshop.dk\/dinforsyning\/wp-content\/uploads\/sites\/6\/2021\/11\/DIN-F_asbestpose_med-label-705x705.png 705w, https:\/\/affaldsshop.dk\/dinforsyning\/wp-content\/uploads\/sites\/6\/2021\/11\/DIN-F_asbestpose_med-label-100x100.png 100w, https:\/\/affaldsshop.dk\/dinforsyning\/wp-content\/uploads\/sites\/6\/2021\/11\/DIN-F_asbestpose_med-label-600x600.png 600w, https:\/\/affaldsshop.dk\/dinforsyning\/wp-content\/uploads\/sites\/6\/2021\/11\/DIN-F_asbestpose_med-label.png 722w\" sizes=\"auto, (max-width: 300px) 100vw, 300px\" \/><span class=\"cart-loading\"><\/span><\/div><div class='inner_product_header'><div class='avia-arrow'><\/div><div class='inner_product_header_table'><div class='inner_product_header_cell'><h2 class=\"woocommerce-loop-product__title\">Asbests\u00e6k og palle til 200 kg<\/h2>\n\t<span class=\"price\"><span class=\"woocommerce-Price-amount amount\"><bdi><span class=\"woocommerce-Price-currencySymbol\">kr.<\/span>&nbsp;308,75<\/bdi><\/span><\/span>\n<\/div><\/div><\/div><\/a>    <button alt=\"L\u00e6s mere om \"\n            style=\"font-size: 16px !important; float: none; margin-bottom: 20px;\"\n            onclick=\"window.location='https:\/\/affaldsshop.dk\/dinforsyning\/product\/borger-asbestsaekke-mellem\/'\"\n            class=\"single_add_to_cart_button button alt\">L\u00e6s mere\n    <\/button>\n    <\/div><\/li>\n<li class=\"product type-product post-10364 status-publish instock product_cat-asbestsaekke has-post-thumbnail taxable shipping-taxable purchasable product-type-simple\">\n\t<div class='inner_product main_color wrapped_style noLightbox  av-product-class-minimal'><a href=\"https:\/\/affaldsshop.dk\/dinforsyning\/product\/asbestsaek-special-max-1-000-kg\/\" class=\"woocommerce-LoopProduct-link woocommerce-loop-product__link\"><div class=\"thumbnail_container\"><img decoding=\"async\" loading=\"lazy\" width=\"300\" height=\"300\" src=\"https:\/\/affaldsshop.dk\/dinforsyning\/wp-content\/uploads\/sites\/6\/2021\/11\/DIN-F_asbestpose_uden-label-300x300.png\" class=\"wp-image-3056 avia-img-lazy-loading-3056 attachment-shop_catalog size-shop_catalog wp-post-image\" alt=\"\" srcset=\"https:\/\/affaldsshop.dk\/dinforsyning\/wp-content\/uploads\/sites\/6\/2021\/11\/DIN-F_asbestpose_uden-label-300x300.png 300w, https:\/\/affaldsshop.dk\/dinforsyning\/wp-content\/uploads\/sites\/6\/2021\/11\/DIN-F_asbestpose_uden-label-80x80.png 80w, https:\/\/affaldsshop.dk\/dinforsyning\/wp-content\/uploads\/sites\/6\/2021\/11\/DIN-F_asbestpose_uden-label-36x36.png 36w, https:\/\/affaldsshop.dk\/dinforsyning\/wp-content\/uploads\/sites\/6\/2021\/11\/DIN-F_asbestpose_uden-label-180x180.png 180w, https:\/\/affaldsshop.dk\/dinforsyning\/wp-content\/uploads\/sites\/6\/2021\/11\/DIN-F_asbestpose_uden-label-705x705.png 705w, https:\/\/affaldsshop.dk\/dinforsyning\/wp-content\/uploads\/sites\/6\/2021\/11\/DIN-F_asbestpose_uden-label-100x100.png 100w, https:\/\/affaldsshop.dk\/dinforsyning\/wp-content\/uploads\/sites\/6\/2021\/11\/DIN-F_asbestpose_uden-label-600x600.png 600w, https:\/\/affaldsshop.dk\/dinforsyning\/wp-content\/uploads\/sites\/6\/2021\/11\/DIN-F_asbestpose_uden-label.png 722w\" sizes=\"auto, (max-width: 300px) 100vw, 300px\" \/><span class=\"cart-loading\"><\/span><\/div><div class='inner_product_header'><div class='avia-arrow'><\/div><div class='inner_product_header_table'><div class='inner_product_header_cell'><h2 class=\"woocommerce-loop-product__title\">Asbests\u00e6k special &#8211; max 1.000 kg<\/h2>\n\t<span class=\"price\"><span class=\"woocommerce-Price-amount amount\"><bdi><span class=\"woocommerce-Price-currencySymbol\">kr.<\/span>&nbsp;1.155,00<\/bdi><\/span><\/span>\n<\/div><\/div><\/div><\/a>    <button alt=\"L\u00e6s mere om \"\n            style=\"font-size: 16px !important; float: none; margin-bottom: 20px;\"\n            onclick=\"window.location='https:\/\/affaldsshop.dk\/dinforsyning\/product\/asbestsaek-special-max-1-000-kg\/'\"\n            class=\"single_add_to_cart_button button alt\">L\u00e6s mere\n    <\/button>\n    <\/div><\/li>\n<\/ul>\n<\/div>\r\n","protected":false},"excerpt":{"rendered":"<p>Her p\u00e5 DIN Forsynings webshop kan du bestille produkterne direkte til afhentning p\u00e5 din n\u00e6rmeste genbrugsplads<\/p>\n","protected":false},"author":21,"featured_media":0,"parent":0,"menu_order":0,"comment_status":"closed","ping_status":"closed","template":"","meta":{"_acf_changed":false,"footnotes":""},"class_list":["post-11","page","type-page","status-publish","hentry"],"acf":[],"_links":{"self":[{"href":"https:\/\/affaldsshop.dk\/dinforsyning\/wp-json\/wp\/v2\/pages\/11","targetHints":{"allow":["GET"]}}],"collection":[{"href":"https:\/\/affaldsshop.dk\/dinforsyning\/wp-json\/wp\/v2\/pages"}],"about":[{"href":"https:\/\/affaldsshop.dk\/dinforsyning\/wp-json\/wp\/v2\/types\/page"}],"author":[{"embeddable":true,"href":"https:\/\/affaldsshop.dk\/dinforsyning\/wp-json\/wp\/v2\/users\/21"}],"replies":[{"embeddable":true,"href":"https:\/\/affaldsshop.dk\/dinforsyning\/wp-json\/wp\/v2\/comments?post=11"}],"version-history":[{"count":8,"href":"https:\/\/affaldsshop.dk\/dinforsyning\/wp-json\/wp\/v2\/pages\/11\/revisions"}],"predecessor-version":[{"id":10259,"href":"https:\/\/affaldsshop.dk\/dinforsyning\/wp-json\/wp\/v2\/pages\/11\/revisions\/10259"}],"wp:attachment":[{"href":"https:\/\/affaldsshop.dk\/dinforsyning\/wp-json\/wp\/v2\/media?parent=11"}],"curies":[{"name":"wp","href":"https:\/\/api.w.org\/{rel}","templated":true}]}}