{"id":2338,"date":"2021-03-09T16:29:36","date_gmt":"2021-03-09T15:29:36","guid":{"rendered":"https:\/\/affaldsshop.dk\/dinforsyning\/?post_type=product&#038;p=2338"},"modified":"2025-11-03T15:29:31","modified_gmt":"2025-11-03T14:29:31","slug":"groenne-poser-til-madaffald-100-stk","status":"publish","type":"product","link":"https:\/\/affaldsshop.dk\/dinforsyning\/product\/groenne-poser-til-madaffald-100-stk\/","title":{"rendered":"Gr\u00f8nne poser til madaffald, 100 stk."},"content":{"rendered":"<p>Poserne kan afhentes gratis p\u00e5 alle genbrugspladser i Varde Kommune.<\/p>\n<p>Beskrivelse: Gr\u00f8nne poser til indsamling af madaffald. Posen er lavet af 80 % genbrugsplast og frasorteres ved behandling af det indsamlede madaffald. Bind en god knude p\u00e5 posen, s\u00e5 den lukker t\u00e6t, inden den afleveres i skraldespanden, s\u00e5 undg\u00e5s d\u00e5rlig lugt og fluer i skraldespanden.<\/p>\n<p>Indhold: ca. 24 liter<\/p>\n<p>Bredde: ca. 45 cm<\/p>\n<p>L\u00e6ngde: ca. 60 cm<\/p>\n<p>Tykkelse: 0,03 mm<\/p>\n","protected":false},"excerpt":{"rendered":"<p>Poserne kan afhentes gratis p\u00e5 alle genbrugspladser i Varde Kommune. Beskrivelse: Gr\u00f8nne poser til indsamling af madaffald. Posen er lavet af 80 % genbrugsplast og frasorteres ved behandling af det indsamlede madaffald. Bind en god knude p\u00e5 posen, s\u00e5 den lukker t\u00e6t, inden den afleveres i skraldespanden, s\u00e5 undg\u00e5s d\u00e5rlig lugt og fluer i skraldespanden. [&hellip;]<\/p>\n","protected":false},"featured_media":4853,"template":"","meta":{"_acf_changed":false},"product_brand":[],"product_cat":[27],"product_tag":[],"class_list":{"0":"post-2338","1":"product","2":"type-product","3":"status-publish","4":"has-post-thumbnail","6":"product_cat-poser","8":"first","9":"instock","10":"taxable","11":"shipping-taxable","12":"purchasable","13":"product-type-simple"},"group_of_quantity":0,"min_quantity":0,"max_quantity":"","exclude_order_quantity_value_rules":"no","exclude_category_quantity_rules":"no","combine_variations":"no","acf":[],"_links":{"self":[{"href":"https:\/\/affaldsshop.dk\/dinforsyning\/wp-json\/wp\/v2\/product\/2338","targetHints":{"allow":["GET"]}}],"collection":[{"href":"https:\/\/affaldsshop.dk\/dinforsyning\/wp-json\/wp\/v2\/product"}],"about":[{"href":"https:\/\/affaldsshop.dk\/dinforsyning\/wp-json\/wp\/v2\/types\/product"}],"wp:featuredmedia":[{"embeddable":true,"href":"https:\/\/affaldsshop.dk\/dinforsyning\/wp-json\/wp\/v2\/media\/4853"}],"wp:attachment":[{"href":"https:\/\/affaldsshop.dk\/dinforsyning\/wp-json\/wp\/v2\/media?parent=2338"}],"wp:term":[{"taxonomy":"product_brand","embeddable":true,"href":"https:\/\/affaldsshop.dk\/dinforsyning\/wp-json\/wp\/v2\/product_brand?post=2338"},{"taxonomy":"product_cat","embeddable":true,"href":"https:\/\/affaldsshop.dk\/dinforsyning\/wp-json\/wp\/v2\/product_cat?post=2338"},{"taxonomy":"product_tag","embeddable":true,"href":"https:\/\/affaldsshop.dk\/dinforsyning\/wp-json\/wp\/v2\/product_tag?post=2338"}],"curies":[{"name":"wp","href":"https:\/\/api.w.org\/{rel}","templated":true}]}}