{"id":3781,"date":"2023-02-22T14:44:53","date_gmt":"2023-02-22T13:44:53","guid":{"rendered":"https:\/\/affaldsshop.dk\/dinforsyning\/?post_type=product&#038;p=3781"},"modified":"2025-11-03T15:17:16","modified_gmt":"2025-11-03T14:17:16","slug":"poser-til-tekstilaffald-10-stk","status":"publish","type":"product","link":"https:\/\/affaldsshop.dk\/dinforsyning\/product\/poser-til-tekstilaffald-10-stk\/","title":{"rendered":"M\u00f8rker\u00f8de poser til tekstilaffald, 10 stk."},"content":{"rendered":"<p>Poserne kan afhentes gratis p\u00e5 alle genbrugspladser i Varde Kommune.<\/p>\n<p>Beskrivelse: Poser til indsamling af tekstilaffald. Posen er lavet af 100 % genbrugsplast. Bind en god knude p\u00e5 posen, s\u00e5 den lukker t\u00e6t, inden den stilles frem til afhentning p\u00e5 t\u00f8mningsdagen for pap- og papirspanden.<\/p>\n<p>Indhold: ca. 30 liter<\/p>\n<p>Bredde: ca. 45 cm<\/p>\n<p>L\u00e6ngde: ca. 80 cm<\/p>\n<p>Tykkelse: 0,03 mm<\/p>\n","protected":false},"excerpt":{"rendered":"<p>Poserne kan afhentes gratis p\u00e5 alle genbrugspladser i Varde Kommune. Beskrivelse: Poser til indsamling af tekstilaffald. Posen er lavet af 100 % genbrugsplast. Bind en god knude p\u00e5 posen, s\u00e5 den lukker t\u00e6t, inden den stilles frem til afhentning p\u00e5 t\u00f8mningsdagen for pap- og papirspanden. Indhold: ca. 30 liter Bredde: ca. 45 cm L\u00e6ngde: ca. [&hellip;]<\/p>\n","protected":false},"featured_media":3783,"template":"","meta":{"_acf_changed":false},"product_brand":[],"product_cat":[27],"product_tag":[],"class_list":{"0":"post-3781","1":"product","2":"type-product","3":"status-publish","4":"has-post-thumbnail","6":"product_cat-poser","8":"first","9":"instock","10":"taxable","11":"shipping-taxable","12":"purchasable","13":"product-type-simple"},"group_of_quantity":0,"min_quantity":0,"max_quantity":"","exclude_order_quantity_value_rules":"no","exclude_category_quantity_rules":"no","combine_variations":"no","acf":[],"_links":{"self":[{"href":"https:\/\/affaldsshop.dk\/dinforsyning\/wp-json\/wp\/v2\/product\/3781","targetHints":{"allow":["GET"]}}],"collection":[{"href":"https:\/\/affaldsshop.dk\/dinforsyning\/wp-json\/wp\/v2\/product"}],"about":[{"href":"https:\/\/affaldsshop.dk\/dinforsyning\/wp-json\/wp\/v2\/types\/product"}],"wp:featuredmedia":[{"embeddable":true,"href":"https:\/\/affaldsshop.dk\/dinforsyning\/wp-json\/wp\/v2\/media\/3783"}],"wp:attachment":[{"href":"https:\/\/affaldsshop.dk\/dinforsyning\/wp-json\/wp\/v2\/media?parent=3781"}],"wp:term":[{"taxonomy":"product_brand","embeddable":true,"href":"https:\/\/affaldsshop.dk\/dinforsyning\/wp-json\/wp\/v2\/product_brand?post=3781"},{"taxonomy":"product_cat","embeddable":true,"href":"https:\/\/affaldsshop.dk\/dinforsyning\/wp-json\/wp\/v2\/product_cat?post=3781"},{"taxonomy":"product_tag","embeddable":true,"href":"https:\/\/affaldsshop.dk\/dinforsyning\/wp-json\/wp\/v2\/product_tag?post=3781"}],"curies":[{"name":"wp","href":"https:\/\/api.w.org\/{rel}","templated":true}]}}