{"id":2341,"date":"2021-03-22T11:01:44","date_gmt":"2021-03-22T10:01:44","guid":{"rendered":"https:\/\/affaldsshop.dk\/esbjerg\/?post_type=product&#038;p=2341"},"modified":"2025-06-20T09:05:50","modified_gmt":"2025-06-20T07:05:50","slug":"big-bag-til-asbest-erhverv","status":"publish","type":"product","link":"https:\/\/affaldsshop.dk\/esbjerg\/product\/big-bag-til-asbest-erhverv\/","title":{"rendered":"Big Bag til asbest &#8211; Erhverv (inkl. moms)"},"content":{"rendered":"<span capacity=\"50\" container=\"bigbag,bigbags\" waste=\"tagplade,tagplader\" class=\"bigbag-placeholder\">Interactive Element Placeholder for bigbag (functionality not mounted)<\/span>\n<p>Der er to forskellige slags Big Bag. Du skal ikke tage stilling nu, men kan v\u00e6lge n\u00e5r du henter din ordre p\u00e5 genbrugspladsen.<\/p>\n<p><strong>Big Bag til stativ<\/strong><\/p>\n<ul>\n<li>St\u00f8rrelse : 120x135x110 cm<\/li>\n<li>L\u00f8ftestropper : 4 stk, l\u00e6ngde 25 cm<\/li>\n<li>Indvendige stropper p\u00e5 120 cm siden<\/li>\n<\/ul>\n<p><strong>Big Bag til palle<\/strong><\/p>\n<ul>\n<li>St\u00f8rrelse : 100x120x150 cm<\/li>\n<li>L\u00f8ftestropper : 4 stk, l\u00e6ngde 30 cm<\/li>\n<li>Stropperne sidder som 2 slings p\u00e5 tv\u00e6rs af s\u00e6kken.<\/li>\n<\/ul>\n","protected":false},"excerpt":{"rendered":"<p>Der er to forskellige typer af Big Bag. Prisen er den samme.<br \/>\nDu v\u00e6lger hvilken slags, n\u00e5r du henter den p\u00e5 genbrugspladsen.<br \/>\nPrisen er for b\u00e5de Big Bag og afhentning.<br \/>\nAfhentning bestilles s\u00e6rskilt her : <a href=\"https:\/\/www.esbjerg.dk\/erhverv\/affald-energi-og-miljoe\/bygge-og-anlaegsaffald\/vaer-saerligt-opmaerksom-paa\/asbest\/bestil-afhentning-af-asbestaffald\">Bestilling af afhentning<\/a>.<\/p>\n","protected":false},"featured_media":2981,"template":"","meta":{"_acf_changed":false},"product_brand":[],"product_cat":[19],"product_tag":[20],"class_list":{"0":"post-2341","1":"product","2":"type-product","3":"status-publish","4":"has-post-thumbnail","6":"product_cat-bigbags","7":"product_tag-bigbag","9":"first","10":"instock","11":"taxable","12":"shipping-taxable","13":"purchasable","14":"product-type-simple"},"group_of_quantity":0,"min_quantity":0,"max_quantity":"","exclude_order_quantity_value_rules":"no","exclude_category_quantity_rules":"no","combine_variations":"no","acf":[],"_links":{"self":[{"href":"https:\/\/affaldsshop.dk\/esbjerg\/wp-json\/wp\/v2\/product\/2341","targetHints":{"allow":["GET"]}}],"collection":[{"href":"https:\/\/affaldsshop.dk\/esbjerg\/wp-json\/wp\/v2\/product"}],"about":[{"href":"https:\/\/affaldsshop.dk\/esbjerg\/wp-json\/wp\/v2\/types\/product"}],"wp:featuredmedia":[{"embeddable":true,"href":"https:\/\/affaldsshop.dk\/esbjerg\/wp-json\/wp\/v2\/media\/2981"}],"wp:attachment":[{"href":"https:\/\/affaldsshop.dk\/esbjerg\/wp-json\/wp\/v2\/media?parent=2341"}],"wp:term":[{"taxonomy":"product_brand","embeddable":true,"href":"https:\/\/affaldsshop.dk\/esbjerg\/wp-json\/wp\/v2\/product_brand?post=2341"},{"taxonomy":"product_cat","embeddable":true,"href":"https:\/\/affaldsshop.dk\/esbjerg\/wp-json\/wp\/v2\/product_cat?post=2341"},{"taxonomy":"product_tag","embeddable":true,"href":"https:\/\/affaldsshop.dk\/esbjerg\/wp-json\/wp\/v2\/product_tag?post=2341"}],"curies":[{"name":"wp","href":"https:\/\/api.w.org\/{rel}","templated":true}]}}