{"id":31,"date":"2018-03-09T11:35:12","date_gmt":"2018-03-09T11:35:12","guid":{"rendered":"https:\/\/affaldsshop.dk\/kolding\/?page_id=31"},"modified":"2023-09-08T14:14:05","modified_gmt":"2023-09-08T12:14:05","slug":"handelsbetingelser","status":"publish","type":"page","link":"https:\/\/affaldsshop.dk\/kolding\/handelsbetingelser\/","title":{"rendered":"Handelsbetingelser"},"content":{"rendered":"<section  class='av_textblock_section av-272pf-537a98278e0e9f94086f51dee0d5de79 '   itemscope=\"itemscope\" itemtype=\"https:\/\/schema.org\/CreativeWork\" ><div class='avia_textblock'  itemprop=\"text\" ><p><strong>Handelsbetingelser<\/strong><\/p>\n<p>Redux \/ Kolding Kommune varetager ansvaret for bestillingen af bigbags til asbest gennem denne shop. Der er ingen direkte betaling forbundet med transaktionerne.<\/p>\n<p>L\u00f8sningen er g\u00e6ldende for borgere i Kolding Kommune.<\/p>\n<p>Ordningen er finansieret kollektivt over genbrugspladsgebyret.<\/p>\n<p>Hvis der bliver foretaget en borgerbestilling af bigbags og afhentning af affald med asbest og eternit, der senere viser sig at v\u00e6re erhvervsaffald, forbeholder Kolding Kommune sig retten til at efterfakturere virksomheden, som ejer affaldet.<\/p>\n<p>Brugere af ordningen har selv ansvar for at s\u00f8rge for korrekt emballering, placering og adgangsforhold. F\u00f8lg retningslinierne i Kolding Kommunes asbestvejledning, der er tilg\u00e6ngelig p\u00e5 www.kolding.dk\/asbest.<\/p>\n<p><strong>Bestillers\/Borgers oplysninger<\/strong><\/p>\n<p>Foruds\u00e6tningen for at foretage bestillingen er, at borger registrerer disse oplysninger:<\/p>\n<ul>\n<li><strong>Navn, adresse og postnr\/by<\/strong>, som anvendes til at identificere borgeren<\/li>\n<li><strong>E-mail,<\/strong> som anvendes til levering af bekr\u00e6ftelse af bestillingen og kvittering for udlevering af bestillingen<\/li>\n<li><strong>Mobilnummer<\/strong>, som anvendes, n\u00e5r afhentning skal bestilles og hvis k\u00f8ber skal kontaktes telefonisk i forbindelse med k\u00f8bet.<\/li>\n<\/ul>\n<p>Efter at bestillingen er gennemf\u00f8rt kan borgeren ikke bede om at data slettes s\u00e5 l\u00e6nge der er behov for support og statistik. Af hensyn til Bogf\u00f8ringslovningen skal transaktionsoplysninger desuden bevares min 5 \u00e5r.<\/p>\n<p>Efter 90 dage fra transaktionstidspunktet g\u00e6lder f\u00f8lgende:<\/p>\n<ul>\n<li>Information om bestillingstidspunkt og bestilte produkter forbliver u\u00e6ndret og tilg\u00e6ngeligt i forhold til statistisk og support<\/li>\n<li>Borgers oplysninger neutraliseres, s\u00e5 de ikke l\u00e6ngere kan identificeres.<strong>\u00a0<\/strong><\/li>\n<\/ul>\n<p><strong>Afhentning af produkter<\/strong><\/p>\n<p>Efter at bestillingen er foretaget, modtager borger en bekr\u00e6ftelse p\u00e5 e-mail. Bekr\u00e6ftelsen indeholder bl.a. information om:<\/p>\n<ul>\n<li>Ordrenummer<\/li>\n<li>K\u00f8bte produkter (type og antal)<\/li>\n<li>Valgt udleveringssted.<\/li>\n<\/ul>\n<p>Denne bekr\u00e6ftelse medbringes til det valgte udleveringssted, hvor personalet kontaktes. I forbindelse med udleveringen af produktet, registrerer personalet, at produkterne er udleveret.<\/p>\n<p>Efter at produkter er udleveret, modtager borger en kvittering p\u00e5 bestillingen p\u00e5 e-mail. Kvitteringen indeholder bl.a. information om:<\/p>\n<ul>\n<li>Ordrenummer<\/li>\n<li>Udleverede produkter (type og antal)<\/li>\n<\/ul>\n<p><strong>Reklamation<\/strong><\/p>\n<p>Reklamationer bedes rettet til:<\/p>\n<p>Redux &#8211; Affald og Genbrug<br \/>\nKolding Kommune<br \/>\nBronzevej 3<\/p>\n<p>Telefon: 79797100<br \/>\nE-mail:\u00a0<a href=\"mailto:redux@kolding.dk\">redux@kolding.dk<\/a><br \/>\nWeb: www.kolding.dk\/affald<\/p>\n<\/div><\/section>\n\n<style type=\"text\/css\" data-created_by=\"avia_inline_auto\" id=\"style-css-av-1c6lb-1258170b055498075a9d224404379eb9\">\n.flex_column.av-1c6lb-1258170b055498075a9d224404379eb9{\nborder-radius:0px 0px 0px 0px;\npadding:0px 0px 0px 0px;\n}\n<\/style>\n<div  class='flex_column av-1c6lb-1258170b055498075a9d224404379eb9 av_one_half  avia-builder-el-1  el_after_av_textblock  el_before_av_one_full  first flex_column_div av-zero-column-padding  column-top-margin'     ><\/div>\n\n<style type=\"text\/css\" data-created_by=\"avia_inline_auto\" id=\"style-css-av-ot5n-80ecf90bce3bad9a0f013683a979071a\">\n.flex_column.av-ot5n-80ecf90bce3bad9a0f013683a979071a{\nborder-radius:0px 0px 0px 0px;\npadding:0px 0px 0px 0px;\n}\n<\/style>\n<div  class='flex_column av-ot5n-80ecf90bce3bad9a0f013683a979071a av_one_full  avia-builder-el-2  el_after_av_one_half  avia-builder-el-last  first flex_column_div av-zero-column-padding  column-top-margin'     ><\/div>\n","protected":false},"excerpt":{"rendered":"","protected":false},"author":29,"featured_media":0,"parent":0,"menu_order":0,"comment_status":"closed","ping_status":"closed","template":"","meta":{"_acf_changed":false,"footnotes":""},"class_list":["post-31","page","type-page","status-publish","hentry"],"acf":[],"_links":{"self":[{"href":"https:\/\/affaldsshop.dk\/kolding\/wp-json\/wp\/v2\/pages\/31","targetHints":{"allow":["GET"]}}],"collection":[{"href":"https:\/\/affaldsshop.dk\/kolding\/wp-json\/wp\/v2\/pages"}],"about":[{"href":"https:\/\/affaldsshop.dk\/kolding\/wp-json\/wp\/v2\/types\/page"}],"author":[{"embeddable":true,"href":"https:\/\/affaldsshop.dk\/kolding\/wp-json\/wp\/v2\/users\/29"}],"replies":[{"embeddable":true,"href":"https:\/\/affaldsshop.dk\/kolding\/wp-json\/wp\/v2\/comments?post=31"}],"version-history":[{"count":9,"href":"https:\/\/affaldsshop.dk\/kolding\/wp-json\/wp\/v2\/pages\/31\/revisions"}],"predecessor-version":[{"id":5287,"href":"https:\/\/affaldsshop.dk\/kolding\/wp-json\/wp\/v2\/pages\/31\/revisions\/5287"}],"wp:attachment":[{"href":"https:\/\/affaldsshop.dk\/kolding\/wp-json\/wp\/v2\/media?parent=31"}],"curies":[{"name":"wp","href":"https:\/\/api.w.org\/{rel}","templated":true}]}}