{"id":2362,"date":"2023-09-05T00:01:17","date_gmt":"2023-09-04T22:01:17","guid":{"rendered":"https:\/\/affaldsshop.dk\/nordfyn\/?post_type=product&#038;p=2362"},"modified":"2025-01-02T08:33:26","modified_gmt":"2025-01-02T07:33:26","slug":"bigbag-privat","status":"publish","type":"product","link":"https:\/\/affaldsshop.dk\/nordfyn\/product\/bigbag-privat\/","title":{"rendered":"Bigbag &#8211; PRIVAT"},"content":{"rendered":"<span capacity=\"50\" container=\"bigbag,bigbags\" waste=\"tagplade,tagplader\" class=\"bigbag-placeholder\">Interactive Element Placeholder for bigbag (functionality not mounted)<\/span>\n<p><strong>Bigbag til palle<\/strong><\/p>\n<ul>\n<li>St\u00f8rrelse : M\u00e5l 120 x 149 x 100 cm.<\/li>\n<li>L\u00f8ftestropper : 4 stk, l\u00e6ngde 30 cm<\/li>\n<li>Stropperne sidder som 2 slings p\u00e5 tv\u00e6rs af s\u00e6kken.<\/li>\n<li>Kapacitet: Op til 1.100 Kg.<\/li>\n<\/ul>\n<p>Er du i tvivl om hvor mange bigbags du skal bruge, s\u00e5 kan du bruge udregneren ovenover som en guide til antallet af bigbags, du kan forvente at skulle bruge.<\/p>\n<p>Da en ordre ikke kan deles op, kan du eventuelt vente og se, hvor meget dit affald fylder. Du kan altid k\u00f8be en bigbag mere senere.<\/p>\n","protected":false},"excerpt":{"rendered":"<p>Der er en type af bigbag. Samme variant anvendes til b\u00e5de privat og erhverv.<\/p>\n<p>Prisen er for b\u00e5de bigbag og afhentning.<\/p>\n<p>Afhentning bestilles s\u00e6rskilt via\u00a0<a href=\"https:\/\/www.nordfynskommune.dk\/asbest\">https:\/\/www.nordfynskommune.dk\/asbest<\/a>.<\/p>\n","protected":false},"featured_media":2363,"template":"","meta":{"_acf_changed":false},"product_brand":[],"product_cat":[19],"product_tag":[20],"class_list":{"0":"post-2362","1":"product","2":"type-product","3":"status-publish","4":"has-post-thumbnail","6":"product_cat-bigbags","7":"product_tag-bigbag","9":"first","10":"instock","11":"taxable","12":"shipping-taxable","13":"purchasable","14":"product-type-simple"},"group_of_quantity":0,"min_quantity":0,"max_quantity":"","exclude_order_quantity_value_rules":"no","exclude_category_quantity_rules":"no","combine_variations":"no","acf":[],"_links":{"self":[{"href":"https:\/\/affaldsshop.dk\/nordfyn\/wp-json\/wp\/v2\/product\/2362","targetHints":{"allow":["GET"]}}],"collection":[{"href":"https:\/\/affaldsshop.dk\/nordfyn\/wp-json\/wp\/v2\/product"}],"about":[{"href":"https:\/\/affaldsshop.dk\/nordfyn\/wp-json\/wp\/v2\/types\/product"}],"wp:featuredmedia":[{"embeddable":true,"href":"https:\/\/affaldsshop.dk\/nordfyn\/wp-json\/wp\/v2\/media\/2363"}],"wp:attachment":[{"href":"https:\/\/affaldsshop.dk\/nordfyn\/wp-json\/wp\/v2\/media?parent=2362"}],"wp:term":[{"taxonomy":"product_brand","embeddable":true,"href":"https:\/\/affaldsshop.dk\/nordfyn\/wp-json\/wp\/v2\/product_brand?post=2362"},{"taxonomy":"product_cat","embeddable":true,"href":"https:\/\/affaldsshop.dk\/nordfyn\/wp-json\/wp\/v2\/product_cat?post=2362"},{"taxonomy":"product_tag","embeddable":true,"href":"https:\/\/affaldsshop.dk\/nordfyn\/wp-json\/wp\/v2\/product_tag?post=2362"}],"curies":[{"name":"wp","href":"https:\/\/api.w.org\/{rel}","templated":true}]}}